{"id":782,"date":"2023-02-02T08:17:07","date_gmt":"2023-02-02T08:17:07","guid":{"rendered":"https:\/\/www.ssvtaufers.com\/?page_id=782"},"modified":"2023-02-16T09:17:20","modified_gmt":"2023-02-16T09:17:20","slug":"impressum","status":"publish","type":"page","link":"https:\/\/www.ssvtaufers.com\/index.php\/impressum\/","title":{"rendered":"Impressum"},"content":{"rendered":"\t\t<div data-elementor-type=\"wp-page\" data-elementor-id=\"782\" class=\"elementor elementor-782\" data-elementor-post-type=\"page\">\n\t\t\t\t\t\t\t\t\t<section class=\"elementor-section elementor-top-section elementor-element elementor-element-ea89ae4 elementor-section-boxed elementor-section-height-default elementor-section-height-default\" data-id=\"ea89ae4\" data-element_type=\"section\">\n\t\t\t\t\t\t<div class=\"elementor-container elementor-column-gap-default\">\n\t\t\t\t\t<div class=\"elementor-column elementor-col-100 elementor-top-column elementor-element elementor-element-e898f01\" data-id=\"e898f01\" data-element_type=\"column\">\n\t\t\t<div class=\"elementor-widget-wrap elementor-element-populated\">\n\t\t\t\t\t\t\t\t<div class=\"elementor-element elementor-element-7e008c8 elementor-widget elementor-widget-heading\" data-id=\"7e008c8\" data-element_type=\"widget\" data-widget_type=\"heading.default\">\n\t\t\t\t<div class=\"elementor-widget-container\">\n\t\t\t<style>\/*! elementor - v3.16.0 - 17-10-2023 *\/\n.elementor-heading-title{padding:0;margin:0;line-height:1}.elementor-widget-heading .elementor-heading-title[class*=elementor-size-]>a{color:inherit;font-size:inherit;line-height:inherit}.elementor-widget-heading .elementor-heading-title.elementor-size-small{font-size:15px}.elementor-widget-heading .elementor-heading-title.elementor-size-medium{font-size:19px}.elementor-widget-heading .elementor-heading-title.elementor-size-large{font-size:29px}.elementor-widget-heading .elementor-heading-title.elementor-size-xl{font-size:39px}.elementor-widget-heading .elementor-heading-title.elementor-size-xxl{font-size:59px}<\/style><h2 class=\"elementor-heading-title elementor-size-default\">Impressum<\/h2>\t\t<\/div>\n\t\t\t\t<\/div>\n\t\t\t\t\t<\/div>\n\t\t<\/div>\n\t\t\t\t\t\t\t<\/div>\n\t\t<\/section>\n\t\t\t\t<section class=\"elementor-section elementor-top-section elementor-element elementor-element-8ea5204 elementor-section-boxed elementor-section-height-default elementor-section-height-default\" data-id=\"8ea5204\" data-element_type=\"section\">\n\t\t\t\t\t\t<div class=\"elementor-container elementor-column-gap-default\">\n\t\t\t\t\t<div class=\"elementor-column elementor-col-100 elementor-top-column elementor-element elementor-element-967384c\" data-id=\"967384c\" data-element_type=\"column\">\n\t\t\t<div class=\"elementor-widget-wrap elementor-element-populated\">\n\t\t\t\t\t\t\t\t<div class=\"elementor-element elementor-element-e12d860 elementor-widget elementor-widget-text-editor\" data-id=\"e12d860\" data-element_type=\"widget\" data-widget_type=\"text-editor.default\">\n\t\t\t\t<div class=\"elementor-widget-container\">\n\t\t\t<style>\/*! elementor - v3.16.0 - 17-10-2023 *\/\n.elementor-widget-text-editor.elementor-drop-cap-view-stacked .elementor-drop-cap{background-color:#69727d;color:#fff}.elementor-widget-text-editor.elementor-drop-cap-view-framed .elementor-drop-cap{color:#69727d;border:3px solid;background-color:transparent}.elementor-widget-text-editor:not(.elementor-drop-cap-view-default) .elementor-drop-cap{margin-top:8px}.elementor-widget-text-editor:not(.elementor-drop-cap-view-default) .elementor-drop-cap-letter{width:1em;height:1em}.elementor-widget-text-editor .elementor-drop-cap{float:left;text-align:center;line-height:1;font-size:50px}.elementor-widget-text-editor .elementor-drop-cap-letter{display:inline-block}<\/style>\t\t\t\t<p>Eigent\u00fcmer der Webseite und verantwortlich f\u00fcr den Inhalt:<\/p><p><span style=\"color: var( --e-global-color-text ); font-family: var( --e-global-typography-text-font-family ), Sans-serif; font-size: var( --e-global-typography-text-font-size ); font-style: var( --e-global-typography-text-font-style ); font-weight: var( --e-global-typography-text-font-weight ); text-transform: var( --e-global-typography-text-text-transform ); background-color: var( --e-global-color-07b2c5c ); letter-spacing: var( --e-global-typography-786ba9e-letter-spacing ); word-spacing: var( --e-global-typography-786ba9e-word-spacing );\">SSV Taufers Handball<br \/>Industriestrasse 21<br \/><\/span><span style=\"color: var( --e-global-color-text ); font-family: var( --e-global-typography-text-font-family ), Sans-serif; font-size: var( --e-global-typography-text-font-size ); font-style: var( --e-global-typography-text-font-style ); font-weight: var( --e-global-typography-text-font-weight ); text-transform: var( --e-global-typography-text-text-transform ); background-color: var( --e-global-color-07b2c5c ); letter-spacing: var( --e-global-typography-786ba9e-letter-spacing ); word-spacing: var( --e-global-typography-786ba9e-word-spacing );\">I-39032 Sand in Taufers (BZ)<br \/><\/span><span style=\"background-color: var( --e-global-color-07b2c5c );\"><span style=\"font-family: var( --e-global-typography-text-font-family ), Sans-serif;\"><span style=\"font-style: var( --e-global-typography-text-font-style ); font-weight: var( --e-global-typography-text-font-weight ); letter-spacing: var( --e-global-typography-786ba9e-letter-spacing ); text-transform: var( --e-global-typography-text-text-transform ); word-spacing: var( --e-global-typography-786ba9e-word-spacing );\">Steuernummer<\/span><\/span><span style=\"color: rgba(0, 0, 0, 0); font-family: var( --e-global-typography-text-font-family ), Sans-serif;\"><span style=\"font-style: var( --e-global-typography-text-font-style ); font-weight: var( --e-global-typography-text-font-weight ); letter-spacing: var( --e-global-typography-786ba9e-letter-spacing ); text-transform: var( --e-global-typography-text-text-transform ); word-spacing: var( --e-global-typography-786ba9e-word-spacing );\">: <\/span><\/span>81012420212<br \/><span style=\"font-family: var( --e-global-typography-text-font-family ), Sans-serif;\"><span style=\"font-style: var( --e-global-typography-text-font-style ); font-weight: var( --e-global-typography-text-font-weight ); letter-spacing: var( --e-global-typography-786ba9e-letter-spacing ); text-transform: var( --e-global-typography-text-text-transform ); word-spacing: var( --e-global-typography-786ba9e-word-spacing );\">MwSt.-Nr.:\u00a0<\/span><\/span><\/span><span style=\"font-family: var( --e-global-typography-text-font-family ), Sans-serif; font-size: var( --e-global-typography-text-font-size ); font-style: var( --e-global-typography-text-font-style ); font-weight: var( --e-global-typography-text-font-weight ); text-transform: var( --e-global-typography-text-text-transform ); letter-spacing: var( --e-global-typography-786ba9e-letter-spacing ); word-spacing: var( --e-global-typography-786ba9e-word-spacing ); background-color: var( --e-global-color-07b2c5c );\">03189380219<\/span><\/p><p><strong><span style=\"background-color: var( --e-global-color-07b2c5c ); color: var( --e-global-color-text ); font-family: var( --e-global-typography-text-font-family ), Sans-serif; font-size: var( --e-global-typography-text-font-size ); font-style: var( --e-global-typography-text-font-style ); letter-spacing: var( --e-global-typography-786ba9e-letter-spacing ); text-transform: var( --e-global-typography-text-text-transform ); word-spacing: var( --e-global-typography-786ba9e-word-spacing );\">Pflichtinformation nach EU-Verordnung Nr. 524\/2013 des Europ\u00e4ischen Parlaments und Rats:<\/span><\/strong><\/p><p>Plattform zur Online-Beilegung verbraucherrechtlicher Streitigkeiten (ODR) der Europ\u00e4ischen Kommission: ec.europa.eu\/consumers\/odr<\/p><p><strong>Haftung f\u00fcr Inhalte<\/strong><\/p><p>Als Diensteanbieter sind wir f\u00fcr eigene Inhalte auf diesen Seiten nach den allgemeinen Gesetzen verantwortlich. Als Diensteanbieter sind wir jedoch nicht verpflichtet, \u00fcbermittelte oder gespeicherte fremde Informationen zu \u00fcberwachen oder nach Umst\u00e4nden zu forschen, die auf eine rechtswidrige T\u00e4tigkeit hinweisen.<\/p><p>Verpflichtungen zur Entfernung oder Sperrung der Nutzung von Informationen nach den allgemeinen Gesetzen bleiben hiervon unber\u00fchrt. Eine diesbez\u00fcgliche Haftung ist jedoch erst ab dem Zeitpunkt der Kenntnis einer konkreten Rechtsverletzung m\u00f6glich. Bei Bekanntwerden von entsprechenden Rechtsverletzungen werden wir diese Inhalte umgehend entfernen.<\/p><p><strong>Haftung f\u00fcr Links<\/strong><\/p><p>Unser Angebot enth\u00e4lt Links zu externen Webseiten Dritter, auf deren Inhalte wir keinen Einfluss haben. Deshalb k\u00f6nnen wir f\u00fcr diese fremden Inhalte auch keine Gew\u00e4hr \u00fcbernehmen. F\u00fcr die Inhalte der verlinkten Seiten ist stets der jeweilige Anbieter oder Betreiber der Seiten verantwortlich. Die verlinkten Seiten wurden zum Zeitpunkt der Verlinkung auf m\u00f6gliche Rechtsverst\u00f6\u00dfe \u00fcberpr\u00fcft. Rechtswidrige Inhalte waren zum Zeitpunkt der Verlinkung nicht erkennbar.<\/p><p>Eine permanente inhaltliche Kontrolle der verlinkten Seiten ist jedoch ohne konkrete Anhaltspunkte einer Rechtsverletzung nicht zumutbar. Bei Bekanntwerden von Rechtsverletzungen werden wir derartige Links umgehend entfernen.<\/p><p><strong>Urheberrecht<\/strong><\/p><p>Die durch die Seitenbetreiber erstellten Inhalte und Werke auf diesen Seiten unterliegen dem italienischem Urheberrecht. Die Vervielf\u00e4ltigung, Bearbeitung, Verbreitung und jede Art der Verwertung au\u00dferhalb der Grenzen des Urheberrechtes bed\u00fcrfen der schriftlichen Zustimmung des jeweiligen Autors bzw. Erstellers. Downloads und Kopien dieser Seite sind nur f\u00fcr den privaten, nicht kommerziellen Gebrauch gestattet.<\/p><p>Soweit die Inhalte auf dieser Seite nicht vom Betreiber erstellt wurden, werden die Urheberrechte Dritter beachtet. Insbesondere werden Inhalte Dritter als solche gekennzeichnet. Sollten Sie trotzdem auf eine Urheberrechtsverletzung aufmerksam werden, bitten wir um einen entsprechenden Hinweis. Bei Bekanntwerden von Rechtsverletzungen werden wir derartige Inhalte umgehend entfernen.<\/p>\t\t\t\t\t\t<\/div>\n\t\t\t\t<\/div>\n\t\t\t\t\t<\/div>\n\t\t<\/div>\n\t\t\t\t\t\t\t<\/div>\n\t\t<\/section>\n\t\t\t\t\t\t\t<\/div>\n\t\t","protected":false},"excerpt":{"rendered":"<p>Impressum Eigent\u00fcmer der Webseite und verantwortlich f\u00fcr den Inhalt: SSV Taufers Handball Industriestrasse 21 I-39032 Sand in Taufers (BZ) Steuernummer: 81012420212 MwSt.-Nr.:&nbsp;03189380219 Pflichtinformation nach EU-Verordnung Nr. 524\/2013 des Europ\u00e4ischen Parlaments und Rats: Plattform zur Online-Beilegung verbraucherrechtlicher Streitigkeiten (ODR) der Europ\u00e4ischen Kommission: ec.europa.eu\/consumers\/odr Haftung f\u00fcr Inhalte Als Diensteanbieter sind wir f\u00fcr eigene Inhalte auf diesen Seiten [&hellip;]<\/p>\n","protected":false},"author":1,"featured_media":0,"parent":0,"menu_order":0,"comment_status":"closed","ping_status":"closed","template":"","meta":{"_themeisle_gutenberg_block_has_review":false,"footnotes":""},"class_list":["post-782","page","type-page","status-publish","hentry"],"yoast_head":"<!-- This site is optimized with the Yoast SEO plugin v21.4 - https:\/\/yoast.com\/wordpress\/plugins\/seo\/ -->\n<title>Impressum - SSV Taufers Handball<\/title>\n<meta name=\"robots\" content=\"index, follow, max-snippet:-1, max-image-preview:large, max-video-preview:-1\" \/>\n<link rel=\"canonical\" href=\"https:\/\/www.ssvtaufers.com\/index.php\/impressum\/\" \/>\n<meta property=\"og:locale\" content=\"de_DE\" \/>\n<meta property=\"og:type\" content=\"article\" \/>\n<meta property=\"og:title\" content=\"Impressum - SSV Taufers Handball\" \/>\n<meta property=\"og:description\" content=\"Impressum Eigent\u00fcmer der Webseite und verantwortlich f\u00fcr den Inhalt: SSV Taufers Handball Industriestrasse 21 I-39032 Sand in Taufers (BZ) Steuernummer: 81012420212 MwSt.-Nr.:&nbsp;03189380219 Pflichtinformation nach EU-Verordnung Nr. 524\/2013 des Europ\u00e4ischen Parlaments und Rats: Plattform zur Online-Beilegung verbraucherrechtlicher Streitigkeiten (ODR) der Europ\u00e4ischen Kommission: ec.europa.eu\/consumers\/odr Haftung f\u00fcr Inhalte Als Diensteanbieter sind wir f\u00fcr eigene Inhalte auf diesen Seiten [&hellip;]\" \/>\n<meta property=\"og:url\" content=\"https:\/\/www.ssvtaufers.com\/index.php\/impressum\/\" \/>\n<meta property=\"og:site_name\" content=\"SSV Taufers Handball\" \/>\n<meta property=\"article:publisher\" content=\"https:\/\/www.facebook.com\/taufershandball\" \/>\n<meta property=\"article:modified_time\" content=\"2023-02-16T09:17:20+00:00\" \/>\n<meta name=\"twitter:card\" content=\"summary_large_image\" \/>\n<meta name=\"twitter:label1\" content=\"Gesch\u00e4tzte Lesezeit\" \/>\n\t<meta name=\"twitter:data1\" content=\"2\u00a0Minuten\" \/>\n<script type=\"application\/ld+json\" class=\"yoast-schema-graph\">{\"@context\":\"https:\/\/schema.org\",\"@graph\":[{\"@type\":\"WebPage\",\"@id\":\"https:\/\/www.ssvtaufers.com\/index.php\/impressum\/\",\"url\":\"https:\/\/www.ssvtaufers.com\/index.php\/impressum\/\",\"name\":\"Impressum - SSV Taufers Handball\",\"isPartOf\":{\"@id\":\"https:\/\/www.ssvtaufers.com\/#website\"},\"datePublished\":\"2023-02-02T08:17:07+00:00\",\"dateModified\":\"2023-02-16T09:17:20+00:00\",\"breadcrumb\":{\"@id\":\"https:\/\/www.ssvtaufers.com\/index.php\/impressum\/#breadcrumb\"},\"inLanguage\":\"de\",\"potentialAction\":[{\"@type\":\"ReadAction\",\"target\":[\"https:\/\/www.ssvtaufers.com\/index.php\/impressum\/\"]}]},{\"@type\":\"BreadcrumbList\",\"@id\":\"https:\/\/www.ssvtaufers.com\/index.php\/impressum\/#breadcrumb\",\"itemListElement\":[{\"@type\":\"ListItem\",\"position\":1,\"name\":\"Startseite\",\"item\":\"https:\/\/www.ssvtaufers.com\/\"},{\"@type\":\"ListItem\",\"position\":2,\"name\":\"Impressum\"}]},{\"@type\":\"WebSite\",\"@id\":\"https:\/\/www.ssvtaufers.com\/#website\",\"url\":\"https:\/\/www.ssvtaufers.com\/\",\"name\":\"SSV Taufers Handball\",\"description\":\"\",\"publisher\":{\"@id\":\"https:\/\/www.ssvtaufers.com\/#organization\"},\"potentialAction\":[{\"@type\":\"SearchAction\",\"target\":{\"@type\":\"EntryPoint\",\"urlTemplate\":\"https:\/\/www.ssvtaufers.com\/?s={search_term_string}\"},\"query-input\":\"required name=search_term_string\"}],\"inLanguage\":\"de\"},{\"@type\":\"Organization\",\"@id\":\"https:\/\/www.ssvtaufers.com\/#organization\",\"name\":\"SSV Taufers Handball\",\"url\":\"https:\/\/www.ssvtaufers.com\/\",\"logo\":{\"@type\":\"ImageObject\",\"inLanguage\":\"de\",\"@id\":\"https:\/\/www.ssvtaufers.com\/#\/schema\/logo\/image\/\",\"url\":\"https:\/\/www.ssvtaufers.com\/wp-content\/uploads\/2023\/01\/SSV-Logo-e1673775324108.png\",\"contentUrl\":\"https:\/\/www.ssvtaufers.com\/wp-content\/uploads\/2023\/01\/SSV-Logo-e1673775324108.png\",\"width\":450,\"height\":318,\"caption\":\"SSV Taufers Handball\"},\"image\":{\"@id\":\"https:\/\/www.ssvtaufers.com\/#\/schema\/logo\/image\/\"},\"sameAs\":[\"https:\/\/www.facebook.com\/taufershandball\"]}]}<\/script>\n<!-- \/ Yoast SEO plugin. -->","yoast_head_json":{"title":"Impressum - SSV Taufers Handball","robots":{"index":"index","follow":"follow","max-snippet":"max-snippet:-1","max-image-preview":"max-image-preview:large","max-video-preview":"max-video-preview:-1"},"canonical":"https:\/\/www.ssvtaufers.com\/index.php\/impressum\/","og_locale":"de_DE","og_type":"article","og_title":"Impressum - SSV Taufers Handball","og_description":"Impressum Eigent\u00fcmer der Webseite und verantwortlich f\u00fcr den Inhalt: SSV Taufers Handball Industriestrasse 21 I-39032 Sand in Taufers (BZ) Steuernummer: 81012420212 MwSt.-Nr.:&nbsp;03189380219 Pflichtinformation nach EU-Verordnung Nr. 524\/2013 des Europ\u00e4ischen Parlaments und Rats: Plattform zur Online-Beilegung verbraucherrechtlicher Streitigkeiten (ODR) der Europ\u00e4ischen Kommission: ec.europa.eu\/consumers\/odr Haftung f\u00fcr Inhalte Als Diensteanbieter sind wir f\u00fcr eigene Inhalte auf diesen Seiten [&hellip;]","og_url":"https:\/\/www.ssvtaufers.com\/index.php\/impressum\/","og_site_name":"SSV Taufers Handball","article_publisher":"https:\/\/www.facebook.com\/taufershandball","article_modified_time":"2023-02-16T09:17:20+00:00","twitter_card":"summary_large_image","twitter_misc":{"Gesch\u00e4tzte Lesezeit":"2\u00a0Minuten"},"schema":{"@context":"https:\/\/schema.org","@graph":[{"@type":"WebPage","@id":"https:\/\/www.ssvtaufers.com\/index.php\/impressum\/","url":"https:\/\/www.ssvtaufers.com\/index.php\/impressum\/","name":"Impressum - SSV Taufers Handball","isPartOf":{"@id":"https:\/\/www.ssvtaufers.com\/#website"},"datePublished":"2023-02-02T08:17:07+00:00","dateModified":"2023-02-16T09:17:20+00:00","breadcrumb":{"@id":"https:\/\/www.ssvtaufers.com\/index.php\/impressum\/#breadcrumb"},"inLanguage":"de","potentialAction":[{"@type":"ReadAction","target":["https:\/\/www.ssvtaufers.com\/index.php\/impressum\/"]}]},{"@type":"BreadcrumbList","@id":"https:\/\/www.ssvtaufers.com\/index.php\/impressum\/#breadcrumb","itemListElement":[{"@type":"ListItem","position":1,"name":"Startseite","item":"https:\/\/www.ssvtaufers.com\/"},{"@type":"ListItem","position":2,"name":"Impressum"}]},{"@type":"WebSite","@id":"https:\/\/www.ssvtaufers.com\/#website","url":"https:\/\/www.ssvtaufers.com\/","name":"SSV Taufers Handball","description":"","publisher":{"@id":"https:\/\/www.ssvtaufers.com\/#organization"},"potentialAction":[{"@type":"SearchAction","target":{"@type":"EntryPoint","urlTemplate":"https:\/\/www.ssvtaufers.com\/?s={search_term_string}"},"query-input":"required name=search_term_string"}],"inLanguage":"de"},{"@type":"Organization","@id":"https:\/\/www.ssvtaufers.com\/#organization","name":"SSV Taufers Handball","url":"https:\/\/www.ssvtaufers.com\/","logo":{"@type":"ImageObject","inLanguage":"de","@id":"https:\/\/www.ssvtaufers.com\/#\/schema\/logo\/image\/","url":"https:\/\/www.ssvtaufers.com\/wp-content\/uploads\/2023\/01\/SSV-Logo-e1673775324108.png","contentUrl":"https:\/\/www.ssvtaufers.com\/wp-content\/uploads\/2023\/01\/SSV-Logo-e1673775324108.png","width":450,"height":318,"caption":"SSV Taufers Handball"},"image":{"@id":"https:\/\/www.ssvtaufers.com\/#\/schema\/logo\/image\/"},"sameAs":["https:\/\/www.facebook.com\/taufershandball"]}]}},"jetpack_sharing_enabled":true,"_links":{"self":[{"href":"https:\/\/www.ssvtaufers.com\/index.php\/wp-json\/wp\/v2\/pages\/782","targetHints":{"allow":["GET"]}}],"collection":[{"href":"https:\/\/www.ssvtaufers.com\/index.php\/wp-json\/wp\/v2\/pages"}],"about":[{"href":"https:\/\/www.ssvtaufers.com\/index.php\/wp-json\/wp\/v2\/types\/page"}],"author":[{"embeddable":true,"href":"https:\/\/www.ssvtaufers.com\/index.php\/wp-json\/wp\/v2\/users\/1"}],"replies":[{"embeddable":true,"href":"https:\/\/www.ssvtaufers.com\/index.php\/wp-json\/wp\/v2\/comments?post=782"}],"version-history":[{"count":14,"href":"https:\/\/www.ssvtaufers.com\/index.php\/wp-json\/wp\/v2\/pages\/782\/revisions"}],"predecessor-version":[{"id":1153,"href":"https:\/\/www.ssvtaufers.com\/index.php\/wp-json\/wp\/v2\/pages\/782\/revisions\/1153"}],"wp:attachment":[{"href":"https:\/\/www.ssvtaufers.com\/index.php\/wp-json\/wp\/v2\/media?parent=782"}],"curies":[{"name":"wp","href":"https:\/\/api.w.org\/{rel}","templated":true}]}}